{"id":1151,"date":"2023-06-09T10:02:33","date_gmt":"2023-06-09T08:02:33","guid":{"rendered":"https:\/\/whiteni.es\/?page_id=1151"},"modified":"2024-06-05T16:51:30","modified_gmt":"2024-06-05T14:51:30","slug":"aviso-legal","status":"publish","type":"page","link":"https:\/\/whiteni.es\/en\/aviso-legal\/","title":{"rendered":"LEGAL NOTICE"},"content":{"rendered":"<p>Lea cuidadosamente este documento. El mismo se constituye como el Aviso Legal y las Condiciones de Uso (en adelante, el \u201cAviso Legal\u201d) que regulan el acceso, navegaci\u00f3n y uso de la web&nbsp;https:\/\/whiteni.es\/de la entidad GRUPO WHITENI SOCIMI, S.A.&nbsp; (en adelante, el \u201cSitio Web\u201d).<\/p>\n\n\n\n<p>By accessing, browsing and using the Website, you expressly and unreservedly accept all the terms of this Legal Notice, which shall be as valid and effective as any written and signed contract.<\/p>\n\n\n\n<p>Their observance and enforcement shall be enforceable against any person accessing, browsing or using the Web Site. If you do not agree to the above terms, do not access, browse or use the Website.<\/p>\n\n\n\n<h2 class=\"wp-block-heading\">1. INTRODUCTION AND COMPANY DATA.<\/h2>\n\n\n\n<p>GRUPO WHITENI SOCIMI, S.A., con N.I.F. A-87976452, es una entidad inscrita en el Registro Mercantil de Madrid, al tomo 36.941, folio 10, Secci\u00f3n 8, hoja M-660628, y cuyo domicilio se encuentra en Madrid, Calle Miguel \u00c1ngel 21, Bajo B (28010) Madrid.<\/p>\n\n\n\n<p>Para m\u00e1s informaci\u00f3n sobre GRUPO WHITENI SOCIMI, S.A., visite&nbsp;<a href=\"https:\/\/whiteni.es\/en\/\">https:\/\/whiteni.es\/<\/a>or contact us by e-mail at the following address&nbsp;<a href=\"mailto:info@whiteni.es\" target=\"_blank\" rel=\"noreferrer noopener\">info@whiteni.es<\/a>or on +34 91 159 42 48.<\/p>\n\n\n\n<h2 class=\"wp-block-heading\">2. PURPOSE AND SCOPE.<\/h2>\n\n\n\n<p>El presente Aviso Legal regula el acceso a los contenidos y a todos los servicios ofrecidos por GRUPO WHITENI SOCIMI, S.A. a trav\u00e9s del Sitio Web, as\u00ed como la utilizaci\u00f3n de los mismos por parte de los Usuarios. No obstante, GRUPO WHITENI SOCIMI, S.A. se reserva el derecho a modificar la presentaci\u00f3n, configuraci\u00f3n y contenido del Sitio Web, as\u00ed como tambi\u00e9n las condiciones requeridas para su acceso y\/o utilizaci\u00f3n. El acceso y utilizaci\u00f3n de los contenidos y servicios tras la entrada en vigor de sus modificaciones o los cambios en las condiciones suponen la aceptaci\u00f3n de las mismas.<\/p>\n\n\n\n<p>Access, browsing and use of the Website entails and implies acceptance by the User of this Legal Notice.<\/p>\n\n\n\n<p>In this sense, User (or, in plural, Users) shall be understood to be the person who accesses, browses, uses or participates in the services and activities, whether free of charge or for a fee, carried out on the Website.<\/p>\n\n\n\n<h2 class=\"wp-block-heading\">3. ACCESS AND USE OF THE WEBSITE.<\/h2>\n\n\n\n<h3 class=\"wp-block-heading\">Access to the Website.<\/h3>\n\n\n\n<p>El acceso a los contenidos y la utilizaci\u00f3n de los servicios e iniciativas proporcionados por el Sitio Web tiene car\u00e1cter gratuito, si bien alguno de los servicios y contenidos ofrecidos por GRUPO WHITENI SOCIMI, S.A. a terceros a trav\u00e9s del Sitio Web pueden estar sujetos a su contrataci\u00f3n previa y al pago de una cantidad, lo cual se especificar\u00e1 en sus propias condiciones de contrataci\u00f3n.<br>Access to the Website by minors is prohibited, unless they have the prior and express authorisation of their parents, guardians or legal representatives, who shall be held responsible for the acts carried out by the minors in their care, in accordance with the regulations in force. In any case, it shall be presumed that access by a minor to the Website has been made with the prior and express authorisation of their parents, guardians or legal representatives.<\/p>\n\n\n\n<h3 class=\"wp-block-heading\">Use of the Website.<\/h3>\n\n\n\n<p>The User undertakes to use the Website in accordance with the law and with the terms of this Legal Notice. The User also undertakes to refrain from using the Website for purposes or effects that are unlawful or contrary to the provisions of this Legal Notice. By using the services, the User declares his\/her conformity with this Legal Notice, undertaking not to transmit, disseminate or make available to third parties through the services provided by URL https:\/\/whiteni.es\/ any kind of material that in any way contravenes current legislation.<\/p>\n\n\n\n<p>Asimismo, el Usuario acepta, de forma expresa y sin reservas, que el acceso y la utilizaci\u00f3n del Sitio Web, se hace bajo su \u00fanica y exclusiva responsabilidad, y se compromete a no usar el Sitio Web con fines fraudulentos, as\u00ed como a no llevar a cabo conducta alguna que pudiera da\u00f1ar la imagen, los intereses y los derechos de GRUPO WHITENI SOCIMI, S.A. &nbsp;o de terceros. Asimismo, el Usuario se compromete a no realizar acto alguno con objeto de da\u00f1ar, inutilizar o sobrecargar el Sitio Web, o que impidiera, de cualquier forma, la normal utilizaci\u00f3n y funcionamiento del mismo.<br>Se informa al Usuario de que en el caso de que incumpla el contenido del presente Aviso Legal o de cualesquiera otros t\u00e9rminos o condiciones particulares recogidos en el Sitio Web, GRUPO WHITENI SOCIMI, S.A. &nbsp;se reserva el derecho a limitar, suspender o terminar su acceso al Sitio Web, adoptando cualquier medida t\u00e9cnica que sea necesaria con ese fin. Asimismo, GRUPO WHITENI SOCIMI, S.A. &nbsp;se reserva la posibilidad de ejercer tales medidas en el supuesto de que sospeche razonablemente que el Usuario est\u00e1 vulnerando cualquiera de los t\u00e9rminos y condiciones recogidos en los instrumentos antes citados.<\/p>\n\n\n\n<h2 class=\"wp-block-heading\">4. INTELLECTUAL AND INDUSTRIAL PROPERTY RIGHTS<\/h2>\n\n\n\n<p>El presente Sitio Web se rige por las leyes espa\u00f1olas y por la legislaci\u00f3n nacional e internacional sobre propiedad intelectual e industrial. En ning\u00fan caso se entender\u00e1 que el acceso y navegaci\u00f3n del Usuario por el Sitio Web o la utilizaci\u00f3n, adquisici\u00f3n y\/o contrataci\u00f3n de productos o servicios ofertados a trav\u00e9s del Sitio Web, implique una renuncia, transmisi\u00f3n, licencia o cesi\u00f3n total ni parcial de dichos derechos por parte de GRUPO WHITENI SOCIMI, S.A.. El Usuario dispone de un derecho de uso estrictamente privado, exclusivamente con la finalidad de disfrutar de las prestaciones del servicio de acuerdo con este Aviso Legal.<\/p>\n\n\n\n<p>Las referencias a nombres y marcas comerciales o registradas, logotipos u otros signos distintivos, ya sean titularidad de GRUPO WHITENI SOCIMI, S.A. &nbsp;o de terceras empresas, llevan impl\u00edcitas la prohibici\u00f3n sobre su uso sin el consentimiento de GRUPO WHITENI SOCIMI, S.A. &nbsp;o de sus leg\u00edtimos propietarios. En ning\u00fan momento, salvo manifestaci\u00f3n expresa, el acceso o uso del Sitio Web y\/o de sus contenidos y\/o servicios, confiere al Usuario derecho alguno sobre las marcas, logotipos y\/o signos distintivos en \u00e9l incluidos protegidos por Ley.<\/p>\n\n\n\n<p>Quedan reservados todos los derechos de Propiedad Intelectual e Industrial sobre los contenidos y\/o servicios y, en particular, queda prohibido modificar, copiar, reproducir, comunicar p\u00fablicamente, transformar o distribuir de cualquier forma la totalidad o parte de los contenidos y\/o servicio incluidos en el Sitio Web, para prop\u00f3sitos p\u00fablicos o comerciales, si no se cuenta con la autorizaci\u00f3n previa, expresa y por escrito de GRUPO WHITENI SOCIMI, S.A. &nbsp;o, en su caso, del titular de los derechos correspondientes.<\/p>\n\n\n\n<h2 class=\"wp-block-heading\">5. COOKIES<\/h2>\n\n\n\n<p>We inform you that the Website may use cookies during the provision of the service for the purpose of facilitating your browsing and pre-loading your preferences. For more information, please see our Cookies Policy.<\/p>\n\n\n\n<h2 class=\"wp-block-heading\">6. POLITICA DE PRIVACIDAD<\/h2>\n\n\n\n<p>GRUPO WHITENI SOCIMI, S.A. &nbsp;podr\u00e1 tratar los datos de car\u00e1cter personal recabando a trav\u00e9s de&nbsp;<a href=\"https:\/\/whiteni.es\/en\/\">https:\/\/whiteni.es\/<\/a>. For more information, please see our Privacy Policy.<\/p>\n\n\n\n<h2 class=\"wp-block-heading\">7. COMMUNICATIONS LICENCE<\/h2>\n\n\n\n<p>En el caso de que el Usuario env\u00ede informaci\u00f3n de cualquier tipo a GRUPO WHITENI SOCIMI, S.A. &nbsp;a trav\u00e9s del Sitio Web, mediante los canales dispuestos a tal fin en el propio Sitio Web, el Usuario declara, garantiza y acepta que tiene derecho a hacerlo libremente, que dicha informaci\u00f3n no infringe ning\u00fan derecho de propiedad intelectual, de marca, de patente, secreto comercial, o cualquier otro derecho de tercero, que dicha informaci\u00f3n no tiene car\u00e1cter confidencial y que dicha informaci\u00f3n no es perjudicial para terceros. El Usuario reconoce asumir la responsabilidad y dejar\u00e1 indemne a GRUPO WHITENI SOCIMI, S.A. &nbsp;por cualquier comunicaci\u00f3n que suministre personalmente o a su nombre, alcanzando dicha responsabilidad sin restricci\u00f3n alguna la exactitud, legalidad, originalidad y titularidad de la misma.<\/p>\n\n\n\n<h2 class=\"wp-block-heading\">8. RESPONSIBILITIES AND GUARANTEES.<\/h2>\n\n\n\n<p>GRUPO WHITENI SOCIMI, S.A. &nbsp;no puede garantizar la fiabilidad, utilidad o veracidad de los servicios o de la informaci\u00f3n que se preste a trav\u00e9s del Sitio Web. En consecuencia, GRUPO WHITENI SOCIMI, S.A. &nbsp;no garantiza ni se hace responsable de:<\/p>\n\n\n\n<ul class=\"wp-block-list\">\n<li>the continuity of the contents of the Website;<\/li>\n\n\n\n<li>the absence of errors in such content or products;<\/li>\n\n\n\n<li>the absence of viruses and\/or other harmful components on the Website or on the server that provides it;<\/li>\n\n\n\n<li>the invulnerability of the Website and\/or the impregnability of the security measures adopted therein;<\/li>\n\n\n\n<li>the lack of usefulness or performance of the contents and products of the Website;<\/li>\n\n\n\n<li>los da\u00f1os o perjuicios que cause, a s\u00ed mismo o a un tercero, cualquier persona que infringiera las condiciones, normas e instrucciones que GRUPO WHITENI SOCIMI, S.A. establece en el Sitio Web o a trav\u00e9s de la vulneraci\u00f3n de los sistemas de seguridad del Sitio Web.<\/li>\n<\/ul>\n\n\n\n<p>Ello no obstante, GRUPO WHITENI SOCIMI, S.A. &nbsp;declara que ha adoptado todas las medidas necesarias, dentro de sus posibilidades y del estado de la tecnolog\u00eda, para garantizar el funcionamiento del Sitio Web y evitar la existencia y transmisi\u00f3n de virus y dem\u00e1s componentes da\u00f1inos a los Usuarios.<\/p>\n\n\n\n<p>Si el Usuario tuviera conocimiento de la existencia de alg\u00fan contenido il\u00edcito, ilegal, contrario a las leyes o que pudiera suponer una infracci\u00f3n de derechos de propiedad intelectual y\/o industrial, deber\u00e1 notificarlo inmediatamente a GRUPO WHITENI SOCIMI, S.A. &nbsp;en la forma indicada en la cl\u00e1usula para que GRUPO WHITENI SOCIMI, S.A. &nbsp;pueda proceder a la adopci\u00f3n de las medidas oportunas.<\/p>\n\n\n\n<h2 class=\"wp-block-heading\">9. LINKS<\/h2>\n\n\n\n<h3 class=\"wp-block-heading\">Links to other websites.<\/h3>\n\n\n\n<p>En caso de que en el Sitio Web el Usuario pudiera encontrar enlaces a otras p\u00e1ginas Web mediante diferentes botones, links, banners, etc., \u00e9stos ser\u00edan gestionados por terceros. GRUPO WHITENI SOCIMI, S.A. &nbsp;no tiene facultad ni medios humanos ni t\u00e9cnicos para conocer, controlar ni aprobar toda la informaci\u00f3n, contenidos, productos o servicios facilitados por otros sitios Web a los que se puedan establecer enlaces desde el Sitio Web. En consecuencia, GRUPO WHITENI SOCIMI, S.A. &nbsp;no podr\u00e1 asumir ning\u00fan tipo de responsabilidad por cualquier aspecto relativo a la p\u00e1gina Web a la que se pudiera establecer un enlace desde el Sitio Web, en concreto, a t\u00edtulo enunciativo y no taxativo, sobre su funcionamiento, acceso, datos, informaci\u00f3n, archivos, calidad y fiabilidad de sus productos y servicios, sus propios enlaces y\/o cualquiera de sus contenidos, en general.<\/p>\n\n\n\n<p>En este sentido, si los Usuarios tuvieran conocimiento efectivo de la ilicitud de actividades desarrolladas a trav\u00e9s de estas p\u00e1ginas Web de terceros, deber\u00e1n comunicarlo inmediatamente a GRUPO WHITENI SOCIMI, S.A. &nbsp;a los efectos de que se proceda a deshabilitar el enlace de acceso a la misma.<\/p>\n\n\n\n<p>El establecimiento de cualquier tipo de enlace desde el Sitio Web a otro sitio web ajeno no implicar\u00e1 que exista alg\u00fan tipo de relaci\u00f3n, colaboraci\u00f3n o dependencia entre GRUPO WHITENI SOCIMI, S.A. &nbsp;y el responsable del Sitio Web ajeno.<\/p>\n\n\n\n<h3 class=\"wp-block-heading\">Links on other websites to the Website.<\/h3>\n\n\n\n<p>If any User, entity or Web Site wishes to establish any kind of link to the Web Site, it must comply with the following stipulations:<br>El enlace solamente se podr\u00e1 dirigir a la P\u00e1gina Principal o Home del Sitio Web, salvo autorizaci\u00f3n expresa y por escrito de GRUPO WHITENI SOCIMI, S.A. .<\/p>\n\n\n\n<p>El enlace debe ser absoluto y completo, es decir, debe llevar al Usuario, mediante un clic, a la propia direcci\u00f3n URL del Sitio Web y debe abarcar completamente toda la extensi\u00f3n de la pantalla de la P\u00e1gina Principal del Sitio Web. En ning\u00fan caso, salvo que GRUPO WHITENI SOCIMI, S.A. &nbsp;lo autorice de manera expresa y por escrito, el Sitio Web que realiza el enlace podr\u00e1 reproducir, de cualquier manera, el Sitio Web, incluirlo como parte de su Web o dentro de uno de sus \u201cframes\u201d o crear un \u201cbrowser\u201d sobre cualquiera de las p\u00e1ginas del Sitio Web.<\/p>\n\n\n\n<p>En la p\u00e1gina que establece el enlace no se podr\u00e1 declarar de ninguna manera que GRUPO WHITENI SOCIMI, S.A. &nbsp;ha autorizado tal enlace, salvo que GRUPO WHITENI SOCIMI, S.A. &nbsp;lo haya hecho expresamente y por escrito. Si la entidad que realiza el enlace desde su p\u00e1gina al Sitio Web correctamente deseara incluir en su p\u00e1gina Web la marca, denominaci\u00f3n, nombre comercial, r\u00f3tulo, logotipo, slogan o cualquier otro tipo de elemento identificativo de GRUPO WHITENI SOCIMI, S.A. &nbsp;y\/o del Sitio Web, deber\u00e1 contar previamente con su autorizaci\u00f3n expresa y por escrito.<\/p>\n\n\n\n<p>GRUPO WHITENI SOCIMI, S.A. &nbsp;no autoriza el establecimiento de un enlace al Sitio Web desde aquellas p\u00e1ginas Web que contengan materiales, informaci\u00f3n o contenidos il\u00edcitos, ilegales, degradantes, obscenos, y en general, que contravengan la moral, el orden p\u00fablico o las normas sociales generalmente aceptadas.<\/p>\n\n\n\n<p>GRUPO WHITENI SOCIMI, S.A. &nbsp;no tiene facultad ni medios humanos y t\u00e9cnicos para conocer, controlar ni aprobar toda la informaci\u00f3n, contenidos, productos o servicios facilitados por otros sitios Web que tengan establecidos enlaces con destino al Sitio Web. GRUPO WHITENI SOCIMI, S.A. &nbsp;no asume ning\u00fan tipo de responsabilidad por cualquier aspecto relativo al Sitio Web que establece ese enlace con destino al Sitio Web, en concreto, a t\u00edtulo enunciativo y no taxativo, sobre su funcionamiento, acceso, datos, informaci\u00f3n, archivos, calidad y fiabilidad de sus productos y servicios, sus propios enlaces y\/o cualquiera de sus contenidos, en general.<\/p>\n\n\n\n<h2 class=\"wp-block-heading\">10. REPORTING OF ACTIVITIES OF AN UNLAWFUL OR INAPPROPRIATE NATURE<\/h2>\n\n\n\n<p>En el caso de que el Usuario o cualquier otro usuario de Internet tuvieran conocimiento de que cualquier clase de informaci\u00f3n o contenido del Sitio Web o facilitado a trav\u00e9s del mismo es Il\u00edcita o Inadecuada, podr\u00e1 ponerse en contacto con GRUPO WHITENI SOCIMI, S.A. , a trav\u00e9s de la siguiente direcci\u00f3n de correo electr\u00f3nico&nbsp;<a href=\"mailto:info@whiteni.es\" target=\"_blank\" rel=\"noreferrer noopener\">info@whiteni.es<\/a>, indicating the following points:<\/p>\n\n\n\n<ul class=\"wp-block-list\">\n<li>Personal data of the caller: name, address, telephone number and e-mail address.<\/li>\n\n\n\n<li>Description of the facts which reveal the unlawful or inappropriate nature of the content or information, as well as the specific address at which it is available.<\/li>\n\n\n\n<li>In the event of infringement of third party rights, such as intellectual or industrial property, the details of the owner of the infringed right must be provided when this is a person other than the communicating party. Likewise, the title accrediting the ownership of the rights infringed and, where applicable, the representation to act on behalf of the owner must be provided when this is a person other than the communicating party.<\/li>\n<\/ul>\n\n\n\n<p>La recepci\u00f3n por parte de GRUPO WHITENI SOCIMI, S.A. &nbsp;de la comunicaci\u00f3n prevista en esta cl\u00e1usula no supondr\u00e1, seg\u00fan lo dispuesto en la LSSI, el conocimiento efectivo de las actividades y\/o contenidos indicados por el comunicante, cuando ello no resulte notorio o evidente. En todo caso, GRUPO WHITENI SOCIMI, S.A. &nbsp;se reserva el derecho de suspender o retirar los contenidos que aun no siendo il\u00edcitos resulten contrarios a las normas establecidas en este Aviso Legal, sopesando en cada caso los bienes jur\u00eddicos en conflicto.<\/p>\n\n\n\n<h2 class=\"wp-block-heading\">11. DURATION AND MODIFICATION.<\/h2>\n\n\n\n<p>GRUPO WHITENI SOCIMI, S.A. &nbsp;podr\u00e1 modificar los t\u00e9rminos y condiciones aqu\u00ed estipulados, total o parcialmente, publicando cualquier cambio en la misma forma en que aparece este Aviso Legal o a trav\u00e9s de cualquier tipo de comunicaci\u00f3n dirigida a los Usuarios. La vigencia temporal de este Aviso legal coincide, por lo tanto, con el tiempo de su exposici\u00f3n, hasta que sean modificadas total o parcialmente, momento en el cual pasar\u00e1 a tener vigencia el Aviso Legal modificado.<\/p>\n\n\n\n<p>Con independencia de lo dispuesto en las condiciones particulares, GRUPO WHITENI SOCIMI, S.A. &nbsp;podr\u00e1 dar por terminado, suspender o interrumpir, en cualquier momento sin necesidad de preaviso, el acceso a los contenidos de la p\u00e1gina, sin posibilidad por parte del Usuario de exigir indemnizaci\u00f3n alguna.<\/p>\n\n\n\n<h2 class=\"wp-block-heading\">12. GENERAL<\/h2>\n\n\n\n<p>The headings of the different clauses are for information purposes only, and shall not affect, qualify or extend the interpretation of the Legal Notice. In the event of any discrepancy between the provisions of this Legal Notice and the particular conditions of each specific initiative, the provisions of the latter shall prevail.<\/p>\n\n\n\n<p>In the event that any provision or provisions of this Legal Notice shall be held invalid or unenforceable, in whole or in part, by any court, tribunal or competent administrative body, such invalidity or unenforceability shall not affect the other provisions of this Legal Notice.<\/p>\n\n\n\n<p>El no ejercicio o ejecuci\u00f3n por parte de GRUPO WHITENI SOCIMI, S.A. de cualquier derecho o disposici\u00f3n contenida en este Aviso legal no constituir\u00e1 una renuncia al mismo, salvo reconocimiento y acuerdo por escrito por su parte.<\/p>\n\n\n\n<h2 class=\"wp-block-heading\">13. APPLICABLE LAW AND JURISDICTION.<\/h2>\n\n\n\n<p>Las relaciones establecidas entre GRUPO WHITENI SOCIMI, S.A. &nbsp;y el Usuario se regir\u00e1n por lo dispuesto en la normativa espa\u00f1ola vigente. GRUPO WHITENI SOCIMI, S.A. &nbsp;y el Usuario, con renuncia expresa a cualquier otro fuero que pudiera corresponderles, someter\u00e1n cualesquiera controversias y\/o litigios al conocimiento de los Juzgados y Tribunales de la ciudad de Madrid.<\/p>","protected":false},"excerpt":{"rendered":"<p>Lea cuidadosamente este documento. El mismo se constituye como el Aviso Legal y las Condiciones de Uso (en adelante, el \u201cAviso Legal\u201d) que regulan el acceso, navegaci\u00f3n y uso de la web&nbsp;https:\/\/whiteni.es\/de la entidad GRUPO WHITENI SOCIMI, S.A.&nbsp; (en adelante, el \u201cSitio Web\u201d). El acceso, navegaci\u00f3n y utilizaci\u00f3n del Sitio Web implica por su parte&#8230;<\/p>","protected":false},"author":1,"featured_media":0,"parent":0,"menu_order":0,"comment_status":"closed","ping_status":"closed","template":"","meta":{"_uag_custom_page_level_css":"","_kadence_starter_templates_imported_post":false,"_kad_post_transparent":"","_kad_post_title":"","_kad_post_layout":"","_kad_post_sidebar_id":"","_kad_post_content_style":"","_kad_post_vertical_padding":"","_kad_post_feature":"","_kad_post_feature_position":"","_kad_post_header":false,"_kad_post_footer":false,"_kad_post_classname":"","footnotes":""},"class_list":["post-1151","page","type-page","status-publish","hentry"],"uagb_featured_image_src":{"full":false,"thumbnail":false,"medium":false,"medium_large":false,"large":false,"1536x1536":false,"2048x2048":false,"trp-custom-language-flag":false},"uagb_author_info":{"display_name":"5up3r4DM1N-inetihw","author_link":"https:\/\/whiteni.es\/en\/author\/5up3r4dm1n-inetihw\/"},"uagb_comment_info":0,"uagb_excerpt":"Lea cuidadosamente este documento. El mismo se constituye como el Aviso Legal y las Condiciones de Uso (en adelante, el \u201cAviso Legal\u201d) que regulan el acceso, navegaci\u00f3n y uso de la web&nbsp;https:\/\/whiteni.es\/de la entidad GRUPO WHITENI SOCIMI, S.A.&nbsp; (en adelante, el \u201cSitio Web\u201d). El acceso, navegaci\u00f3n y utilizaci\u00f3n del Sitio Web implica por su parte...","_links":{"self":[{"href":"https:\/\/whiteni.es\/en\/wp-json\/wp\/v2\/pages\/1151","targetHints":{"allow":["GET"]}}],"collection":[{"href":"https:\/\/whiteni.es\/en\/wp-json\/wp\/v2\/pages"}],"about":[{"href":"https:\/\/whiteni.es\/en\/wp-json\/wp\/v2\/types\/page"}],"author":[{"embeddable":true,"href":"https:\/\/whiteni.es\/en\/wp-json\/wp\/v2\/users\/1"}],"replies":[{"embeddable":true,"href":"https:\/\/whiteni.es\/en\/wp-json\/wp\/v2\/comments?post=1151"}],"version-history":[{"count":3,"href":"https:\/\/whiteni.es\/en\/wp-json\/wp\/v2\/pages\/1151\/revisions"}],"predecessor-version":[{"id":1779,"href":"https:\/\/whiteni.es\/en\/wp-json\/wp\/v2\/pages\/1151\/revisions\/1779"}],"wp:attachment":[{"href":"https:\/\/whiteni.es\/en\/wp-json\/wp\/v2\/media?parent=1151"}],"curies":[{"name":"wp","href":"https:\/\/api.w.org\/{rel}","templated":true}]}}