{"id":1148,"date":"2023-06-09T10:02:05","date_gmt":"2023-06-09T08:02:05","guid":{"rendered":"https:\/\/whiteni.es\/?page_id=1148"},"modified":"2024-06-05T16:46:42","modified_gmt":"2024-06-05T14:46:42","slug":"politica-de-cookies","status":"publish","type":"page","link":"https:\/\/whiteni.es\/en\/politica-de-cookies\/","title":{"rendered":"COOKIES POLICY"},"content":{"rendered":"<h2 class=\"wp-block-heading\">What are cookies?<\/h2>\n\n\n\n<p>A cookie is a file that is downloaded to your computer when you access certain websites. Cookies allow a website, among other things, to store and retrieve information about the user's browsing habits or computer and, depending on the information they contain and the way your computer is used, they can be used to recognise the user.<\/p>\n\n\n\n<h2 class=\"wp-block-heading\">What types of cookies does this website use?<\/h2>\n\n\n\n<ul class=\"wp-block-list\">\n<li>Own cookies: These are those that are sent to the user's terminal equipment from a computer or domain managed by the editor itself and from which the service requested by the user is provided.<\/li>\n\n\n\n<li>Third-party cookies: These are those that are sent to the user's terminal equipment from a computer or domain that is not managed by the editor, but by another entity that processes the data obtained through the cookies.<\/li>\n\n\n\n<li>Session cookies: These are a type of cookie designed to collect and store data while the user accesses a web page.<\/li>\n\n\n\n<li>Persistent cookies: These are a type of cookie in which the data remains stored in the terminal and can be accessed and processed for a period defined by the party responsible for the cookie, which can range from a few minutes to several years.<\/li>\n\n\n\n<li>Analysis cookies: These are cookies that are either processed by us or by third parties and allow us to quantify the number of users and thus carry out the measurement and statistical analysis of the use made by users of the service offered.<\/li>\n<\/ul>\n\n\n\n<p>For this purpose, your browsing on our website is analysed in order to improve the range of products or services we offer you.<\/p>\n\n\n\n<p>THIRD-PARTY COOKIES<br>ORIGIN<br>GOOGLE ANALYTICS (GOOGLE Inc.)<br>PURPOSE<\/p>\n\n\n\n<p>The information we obtain relates to the number of users accessing the website, the number of pages viewed, the frequency and repetition of visits, their duration, the browser you use, the operator providing the service, your language, the terminal you use or the city to which your IP address is assigned. In AM LOCALES we use Google Analytics, a web analytics service developed by Google, which provides a service of measurement and analysis of navigation on our website. Google can use the data to improve its services and offer services to other companies.<\/p>\n\n\n\n<p>INFORMACION<br><a href=\"http:\/\/www.google.com\/intl\/es_es\/analytics\/privacyoverview.html\" target=\"_blank\" rel=\"noopener\">http:\/\/www.google.com\/intl\/es_es\/analytics\/privacyoverview.html<\/a><br>ORIGIN<br>GOOGLE MAPS (GOOGLE Inc.)<\/p>\n\n\n\n<p>PURPOSE<\/p>\n\n\n\n<p>We use interactive Google maps, because they provide useful information about the location of AM LOCALES. By using this service Google collects certain information about the user's geolocation and other personal information if the user has their Google session activated.<\/p>\n\n\n\n<p>INFORMACION<\/p>\n\n\n\n<figure class=\"wp-block-embed\"><div class=\"wp-block-embed__wrapper\">\nhttps:\/\/www.google.es\/intl\/es\/policies\/technologies\/cookies\n<\/div><\/figure>\n\n\n\n<p>How to disable or delete cookies?<\/p>\n\n\n\n<ul class=\"wp-block-list\">\n<li>You can block or delete cookies installed on your computer by configuring the options of the browser you have installed. Below are the steps to follow to deactivate or delete cookies in the main browsers.<\/li>\n\n\n\n<li>To configure the permissions related to cookies installed in the Google Chrome browser you can click on the following link.<\/li>\n\n\n\n<li>To configure the permissions related to cookies installed in the Mozilla Firefox browser you can click on the following link.<\/li>\n\n\n\n<li>To configure the permissions related to cookies installed in the Microsoft Internet Explorer browser you can click on the following link.<\/li>\n\n\n\n<li>To configure the permissions related to cookies installed in the Safari browser you can click on the following link.<\/li>\n<\/ul>\n\n\n\n<p>WARNING: If you block cookies in your browser, it is possible that certain services or functionalities of the website may not be available.<\/p>","protected":false},"excerpt":{"rendered":"<p>\u00bfQu\u00e9 son las cookies? Una cookie es un archivo que se descarga en su ordenador al acceder a determinadas p\u00e1ginas web. Las cookies permiten a una p\u00e1gina web, entre otras cosas, almacenar y recuperar informaci\u00f3n acerca de los h\u00e1bitos de navegaci\u00f3n del usuario o de su ordenador y, dependiendo de la informaci\u00f3n que contengan y&#8230;<\/p>","protected":false},"author":1,"featured_media":0,"parent":0,"menu_order":0,"comment_status":"closed","ping_status":"closed","template":"","meta":{"_uag_custom_page_level_css":"","_kadence_starter_templates_imported_post":false,"_kad_post_transparent":"","_kad_post_title":"","_kad_post_layout":"","_kad_post_sidebar_id":"","_kad_post_content_style":"","_kad_post_vertical_padding":"","_kad_post_feature":"","_kad_post_feature_position":"","_kad_post_header":false,"_kad_post_footer":false,"_kad_post_classname":"","footnotes":""},"class_list":["post-1148","page","type-page","status-publish","hentry"],"uagb_featured_image_src":{"full":false,"thumbnail":false,"medium":false,"medium_large":false,"large":false,"1536x1536":false,"2048x2048":false,"trp-custom-language-flag":false},"uagb_author_info":{"display_name":"5up3r4DM1N-inetihw","author_link":"https:\/\/whiteni.es\/en\/author\/5up3r4dm1n-inetihw\/"},"uagb_comment_info":0,"uagb_excerpt":"\u00bfQu\u00e9 son las cookies? Una cookie es un archivo que se descarga en su ordenador al acceder a determinadas p\u00e1ginas web. Las cookies permiten a una p\u00e1gina web, entre otras cosas, almacenar y recuperar informaci\u00f3n acerca de los h\u00e1bitos de navegaci\u00f3n del usuario o de su ordenador y, dependiendo de la informaci\u00f3n que contengan y...","_links":{"self":[{"href":"https:\/\/whiteni.es\/en\/wp-json\/wp\/v2\/pages\/1148","targetHints":{"allow":["GET"]}}],"collection":[{"href":"https:\/\/whiteni.es\/en\/wp-json\/wp\/v2\/pages"}],"about":[{"href":"https:\/\/whiteni.es\/en\/wp-json\/wp\/v2\/types\/page"}],"author":[{"embeddable":true,"href":"https:\/\/whiteni.es\/en\/wp-json\/wp\/v2\/users\/1"}],"replies":[{"embeddable":true,"href":"https:\/\/whiteni.es\/en\/wp-json\/wp\/v2\/comments?post=1148"}],"version-history":[{"count":2,"href":"https:\/\/whiteni.es\/en\/wp-json\/wp\/v2\/pages\/1148\/revisions"}],"predecessor-version":[{"id":1774,"href":"https:\/\/whiteni.es\/en\/wp-json\/wp\/v2\/pages\/1148\/revisions\/1774"}],"wp:attachment":[{"href":"https:\/\/whiteni.es\/en\/wp-json\/wp\/v2\/media?parent=1148"}],"curies":[{"name":"wp","href":"https:\/\/api.w.org\/{rel}","templated":true}]}}